{"id":1648,"date":"2025-08-28T14:37:05","date_gmt":"2025-08-28T14:37:05","guid":{"rendered":"https:\/\/on.travelblox.eu\/?page_id=1648"},"modified":"2026-03-20T09:36:57","modified_gmt":"2026-03-20T09:36:57","slug":"about-us","status":"publish","type":"page","link":"https:\/\/on.travelblox.eu\/de\/about-us\/","title":{"rendered":"\u00dcber uns"},"content":{"rendered":"<div class=\"tb-quoteparallax tb-block align-center background-dark pattern-none variant-text_on_image\" id=\"quoteparallax\" style=\"background-image: url('https:\/\/on.travelblox.eu\/wp-content\/uploads\/sites\/46\/2025\/08\/ON_AboutUsHeader.jpg');\">\n\t\t<div class=\"inner-block tb-fade-in tb-fade-in--subtle\">\n\t\t\t\t\t<div class=\"text-part\">\n\t\t\t\t<h2><\/h2>\n\t\t\t\t\t\t<div class=\"translation-block\"><p>Bei <a href=\"https:\/\/travelbase.de\/reisethema\/roadtrips-rundreisen\/?_gl=1*wnpnuq*_gcl_au*MTI5NzEzMDIwMy4xNzY5MDA5MDg4*_ga*MTE1OTE1OTc0MS4xNzY5MDA5MDg3*_ga_MNM1Z0RZ2L*czE3NjkwNzM3NzYkbzIkZzEkdDE3NjkwNzUzNzUkajUzJGwwJGgxMjc2ODk3NjU2\" target=\"_blank\"><strong>Travelbase<\/strong><\/a> organisieren wir jedes Jahr neue Abenteuer und Oman Nomads ist eines davon: eine 7-t\u00e4gige Rundreise im 4x4 mit Dachzelt durch eine der faszinierendsten Regionen des Nahen Ostens. Die Route wurde von einem Team aus Travelbase-Reisenden, Abenteurern und Locals zusammengestellt, alle mit derselben Leidenschaft: Oman wild, authentisch und ganz nah an der Natur zu erleben.<\/p><\/div>\n\t\t\t\t\t\t\t\t<\/div>\n\t\t\t\t\t<\/div>\n<\/div>\n\n\n\n<div class=\"tb-team tb-block align-center background-light pattern-none variant-none tb-collapsible-margins\" id=\"team\">\n\t<div class=\"inner-block tb-fade-in tb-fade-in--subtle\">\n\t\t<div class=\"text-part\">\n\t\t\t<h2>Lerne das Team von Oman Nomads kennen<\/h2>\n\t\t\t\t\t<div class=\"translation-block\"><p>Neugierig, die Gesichter hinter dem Team der Oman Nomads kennenzulernen? Erfahre mehr \u00fcber jeden unserer Reiseexperten.<\/p><\/div>\n\t\t\t<\/div>\n\t<\/div>\n\t\t\t\t\t<div class=\"inner-block-full-width has-tb-carousel\" >\n\t\t\t<div class=\"tb-carousel-container\">\n\t\t\t\t<div class=\"entries tb-cards\" data-slider-first=\"1\">\n\t\t\t\t\t\t\t\t\t<div class=\"tb-card entry\" style=\"background-image: url('https:\/\/on.travelblox.eu\/wp-content\/uploads\/sites\/46\/2025\/08\/ON-Sam-819x1024.jpg')\">\n\t\t\t\t<label for=\"tb-team-read-more-block_s46__p1648__team-0\" class=\"tb-team__card-label\">\n\t\t\t\t\t<div class=\"overlay\"><\/div>\n\t\t\t\t\t<div class=\"overlay overlay--extra\"><\/div>\n\t\t\t\t\t<div class=\"content\">\n\t\t\t\t\t\t<div class=\"tb-team__card-titles\">\n\t\t\t\t\t\t\t<h3>Sam<\/h3>\n\t\t\t\t\t\t\t\t\t\t\t\t\t\t\t<p>verantwortlich f\u00fcr die praktische Organisation<\/p>\n\t\t\t\t\t\t\t\t\t\t\t\t\t<\/div>\n\t\t\t\t\t\t\t\t\t\t\t<\/div>\n\t\t\t\t\t<input type=\"checkbox\" class=\"tb-team__card-checkbox\" id=\"tb-team-read-more-block_s46__p1648__team-0\">\n\t\t\t\t<\/label>\n\t\t\t<\/div>\n\t\t\t\t\t<div class=\"tb-card entry\" style=\"background-image: url('https:\/\/on.travelblox.eu\/wp-content\/uploads\/sites\/46\/2025\/08\/ON-Caro-819x1024.jpg')\">\n\t\t\t\t<label for=\"tb-team-read-more-block_s46__p1648__team-1\" class=\"tb-team__card-label\">\n\t\t\t\t\t<div class=\"overlay\"><\/div>\n\t\t\t\t\t<div class=\"overlay overlay--extra\"><\/div>\n\t\t\t\t\t<div class=\"content\">\n\t\t\t\t\t\t<div class=\"tb-team__card-titles\">\n\t\t\t\t\t\t\t<h3>Caroline<\/h3>\n\t\t\t\t\t\t\t\t\t\t\t\t\t\t\t<p>da, um all deine Fragen zu beantworten<\/p>\n\t\t\t\t\t\t\t\t\t\t\t\t\t<\/div>\n\t\t\t\t\t\t\t\t\t\t\t<\/div>\n\t\t\t\t\t<input type=\"checkbox\" class=\"tb-team__card-checkbox\" id=\"tb-team-read-more-block_s46__p1648__team-1\">\n\t\t\t\t<\/label>\n\t\t\t<\/div>\n\t\t\t\t\t<div class=\"tb-card entry\" style=\"background-image: url('https:\/\/on.travelblox.eu\/wp-content\/uploads\/sites\/46\/2025\/08\/ON-Malou-819x1024.jpg')\">\n\t\t\t\t<label for=\"tb-team-read-more-block_s46__p1648__team-2\" class=\"tb-team__card-label\">\n\t\t\t\t\t<div class=\"overlay\"><\/div>\n\t\t\t\t\t<div class=\"overlay overlay--extra\"><\/div>\n\t\t\t\t\t<div class=\"content\">\n\t\t\t\t\t\t<div class=\"tb-team__card-titles\">\n\t\t\t\t\t\t\t<h3>Malou<\/h3>\n\t\t\t\t\t\t\t\t\t\t\t\t\t\t\t<p>sorgt f\u00fcr die Kommunikation<\/p>\n\t\t\t\t\t\t\t\t\t\t\t\t\t<\/div>\n\t\t\t\t\t\t\t\t\t\t\t<\/div>\n\t\t\t\t\t<input type=\"checkbox\" class=\"tb-team__card-checkbox\" id=\"tb-team-read-more-block_s46__p1648__team-2\">\n\t\t\t\t<\/label>\n\t\t\t<\/div>\n\t\t\t\t\t<div class=\"tb-card entry\" style=\"background-image: url('https:\/\/on.travelblox.eu\/wp-content\/uploads\/sites\/46\/2025\/08\/ON-Clara-819x1024.jpg')\">\n\t\t\t\t<label for=\"tb-team-read-more-block_s46__p1648__team-3\" class=\"tb-team__card-label\">\n\t\t\t\t\t<div class=\"overlay\"><\/div>\n\t\t\t\t\t<div class=\"overlay overlay--extra\"><\/div>\n\t\t\t\t\t<div class=\"content\">\n\t\t\t\t\t\t<div class=\"tb-team__card-titles\">\n\t\t\t\t\t\t\t<h3>Clara<\/h3>\n\t\t\t\t\t\t\t\t\t\t\t\t\t\t\t<p>da, um all deine Fragen zu beantworten<\/p>\n\t\t\t\t\t\t\t\t\t\t\t\t\t<\/div>\n\t\t\t\t\t\t\t\t\t\t\t<\/div>\n\t\t\t\t\t<input type=\"checkbox\" class=\"tb-team__card-checkbox\" id=\"tb-team-read-more-block_s46__p1648__team-3\">\n\t\t\t\t<\/label>\n\t\t\t<\/div>\n\t\t\t\t\t<div class=\"tb-card entry\" style=\"background-image: url('https:\/\/on.travelblox.eu\/wp-content\/uploads\/sites\/46\/2026\/03\/TeamPics-2.jpg')\">\n\t\t\t\t<label for=\"tb-team-read-more-block_s46__p1648__team-4\" class=\"tb-team__card-label\">\n\t\t\t\t\t<div class=\"overlay\"><\/div>\n\t\t\t\t\t<div class=\"overlay overlay--extra\"><\/div>\n\t\t\t\t\t<div class=\"content\">\n\t\t\t\t\t\t<div class=\"tb-team__card-titles\">\n\t\t\t\t\t\t\t<h3>Lara<\/h3>\n\t\t\t\t\t\t\t\t\t\t\t\t\t\t\t<p>da, um all deine Fragen zu beantworten<\/p>\n\t\t\t\t\t\t\t\t\t\t\t\t\t<\/div>\n\t\t\t\t\t\t\t\t\t\t\t<\/div>\n\t\t\t\t\t<input type=\"checkbox\" class=\"tb-team__card-checkbox\" id=\"tb-team-read-more-block_s46__p1648__team-4\">\n\t\t\t\t<\/label>\n\t\t\t<\/div>\n\t\t\t\t\t\t\t\t<\/div>\n\t\t\t\t\t\t<div class=\"tb-carousel-nav\">\n\t\t\t<div class=\"dots\">\n\t\t\t\t<div class=\"dot active\"><\/div>\n\t\t\t\t<div class=\"dot\"><\/div>\n\t\t\t\t<div class=\"dot\"><\/div>\n\t\t\t<\/div>\n\t\t\t<div class=\"arrows\">\n\t\t\t\t<div class=\"prev disabled\">\n\t\t\t\t\t<span><i class=\"fa fa-chevron-left\"><\/i><\/span>\n\t\t\t\t<\/div>\n\t\t\t\t<div class=\"next\">\n\t\t\t\t\t<span><i class=\"fa fa-chevron-right\"><\/i><\/span>\n\t\t\t\t<\/div>\n\t\t\t<\/div>\n\t\t<\/div>\n\t\t\t\t<\/div>\n\t\t<\/div>\n\t\t\t\t\t<div class=\"tb-team__extra inner-block tb-fade-in tb-fade-in--subtle\">\n\t\t\t<div class=\"text-part\">\n\t\t\t\t<h3>Eine Frage zu deiner Reise?<\/h3>\n\t\t\t\t\t\t<div class=\"translation-block\"><p>Z\u00f6gere nicht, uns <a href=\"https:\/\/omannomads.com\/de\/contact\/\" target=\"_blank\">zu kontaktieren<\/a>, wir helfen dir gerne weiter.<\/p><\/div>\n\t\t\t\t\t<div class=\"tb-buttons-part\">\n\t\t\t\t\t\t\t\t\t<\/div>\n\t\t\t<\/div>\n\t\t<\/div>\n\t<\/div>\n\n\n<div class=\"tb-textimage2 tb-block align-left background-light pattern-none variant-text_first tb-collapsible-margins\" id=\"textimage2\">\n\t<div class=\"inner-block tb-fade-in\">\n\n\t\t\n\t\t<div class=\"tb-columns\">\n\t\t\t<div class=\"tb-column\">\n\t\t\t\t<div class=\"tb-text-part\">\n\t\t\t\t\t<h2>Sam verr\u00e4t dir seine Lieblingsorte in Oman<\/h2>\n\t\t\t\t\t\t\t<div class=\"translation-block\"><p>Willst du Oman selbst entdecken? Sam, unser leidenschaftlicher Reiseleiter, nimmt dich mit zu seinen Lieblingsorten in diesem faszinierenden Land. Grandiose Landschaften, unvergessliche Begegnungen und authentische Tipps \u2013 lass dich f\u00fcr dein n\u00e4chstes Abenteuer inspirieren.<\/p><p>Er erz\u00e4hlt dir von seinem absoluten Must-do, das du auf keinen Fall verpassen solltest, von seinem Lieblingsessen, seiner liebsten Aktivit\u00e4t und seinem bevorzugten Campingplatz f\u00fcr die Nacht.<\/p><\/div>\n\t\t\t\t\t\t\t\t\t\t\t<div class=\"tb-buttons-part\">\n\t\t\t\t\t\t\t\t\t\t\t\t\t\t\t\t\t<\/div>\n\t\t\t\t<\/div>\n\t\t\t<\/div>\n\t\t\t<div class=\"tb-column\">\n\t\t\t\t\t\t\t\t\t\t\t\t\t\t\t<div class=\"tb-image-part\">\n\t\t\t\t\t\t\t<img src='https:\/\/on.travelblox.eu\/wp-content\/uploads\/sites\/46\/2025\/08\/ON_ComingSoon-768x512.jpg' width='768' height='512' loading='lazy' image_size='medium_large'>\t\t\t\t\t\t<\/div>\n\t\t\t\t\t\t\t\t\t\t\t\t<\/div>\n\t\t<\/div>\n\t<\/div>\n<\/div>\n\n\n<div class=\"tb-colcompare tb-block align-center background-light pattern-none variant-cards tb-collapsible-margins\" id=\"colcompare\">\n\t<div class=\"inner-block tb-fade-in tb-fade-in--subtle\">\n\t\t<div class=\"text-part\">\n\t\t\t<h2>Warum mit den Oman Nomads auf eine Rundreise gehen?<\/h2>\n\t\t\t\t\t<div class=\"translation-block\"><\/div>\n\t\t\t<\/div>\n\t<\/div>\n\t\t\t\t\t<div class=\"inner-block-full-width has-tb-carousel tb-justified\" >\n\t\t\t<div class=\"tb-carousel-container\">\n\t\t\t\t<div class=\"entries tb-cards\" data-slider-first=\"1\">\n\t\t\t\t\t\t\t\t\t<div class=\"tb-card entry tb-fade-in tb-fade-in--subtle\">\n\t\t\t\t<div class=\"tb-image-part\">\n\t\t\t\t\t<img src='https:\/\/on.travelblox.eu\/wp-content\/uploads\/sites\/46\/2025\/08\/ON_OmanNomads1-768x768.jpg' width='768' height='768' loading='lazy' image_size='medium_large'>\t\t\t\t<\/div>\n\t\t\t\t<div class=\"tb-card-content text-part\">\n\t\t\t\t\t<h5>\t\t\t\t<i class=\"icon fa-solid fa-map-location-dot\" aria-hidden=\"true\"><\/i>\n\t\t\t Eine sorgf\u00e4ltig organisierte Route<\/h5>\n\t\t\t\t\t\t\t<div class=\"translation-block\"><p>Wir k\u00fcmmern uns um alles, sowohl im Voraus als auch vor Ort in Oman: Logistik, Reiseroute, Campingausr\u00fcstung, Unterk\u00fcnfte und sogar zus\u00e4tzliche Optionen wie Aktivit\u00e4ten. So musst du dich w\u00e4hrend deiner Reise um nichts k\u00fcmmern.<\/p><\/div>\n\t\t\t\t\t\t<div class=\"tb-buttons-part\">\n\t\t\t\t\t\t\t\t\t\t\t<\/div>\n\t\t\t\t<\/div>\n\t\t\t<\/div>\n\t\t\t\t\t<div class=\"tb-card entry tb-fade-in tb-fade-in--subtle\">\n\t\t\t\t<div class=\"tb-image-part\">\n\t\t\t\t\t<img src='https:\/\/on.travelblox.eu\/wp-content\/uploads\/sites\/46\/2025\/08\/ON_OmanNomads2-768x768.jpg' width='768' height='768' loading='lazy' image_size='medium_large'>\t\t\t\t<\/div>\n\t\t\t\t<div class=\"tb-card-content text-part\">\n\t\t\t\t\t<h5>\t\t\t\t<i class=\"icon fa-solid fa-euro-sign\" aria-hidden=\"true\"><\/i>\n\t\t\t Ein hervorragendes Preis-Leistungs-Verh\u00e4ltnis<\/h5>\n\t\t\t\t\t\t\t<div class=\"translation-block\"><p>Das Abenteuer ist f\u00fcr alle zug\u00e4nglich! Wir sorgen daf\u00fcr, die Kosten niedrig zu halten, indem wir alle unsere Reisen selbst von A bis Z entwickeln. So garantieren wir ein authentisches Erlebnis ohne versteckte Kosten.<\/p><\/div>\n\t\t\t\t\t\t<div class=\"tb-buttons-part\">\n\t\t\t\t\t\t\t\t\t\t\t<\/div>\n\t\t\t\t<\/div>\n\t\t\t<\/div>\n\t\t\t\t\t<div class=\"tb-card entry tb-fade-in tb-fade-in--subtle\">\n\t\t\t\t<div class=\"tb-image-part\">\n\t\t\t\t\t<img src='https:\/\/on.travelblox.eu\/wp-content\/uploads\/sites\/46\/2025\/08\/ON_OmanNomads3-768x768.jpg' width='768' height='768' loading='lazy' image_size='medium_large'>\t\t\t\t<\/div>\n\t\t\t\t<div class=\"tb-card-content text-part\">\n\t\t\t\t\t<h5>\t\t\t\t<i class=\"icon fa-solid fa-leaf\" aria-hidden=\"true\"><\/i>\n\t\t\t Ein verantwortungsbewusster Tourismus<\/h5>\n\t\t\t\t\t\t\t<div class=\"translation-block\"><p>Mit Oman Nomads zu reisen bedeutet auch, verantwortungsbewusst zu reisen. Wir engagieren uns f\u00fcr nachhaltige Entwicklung und arbeiten mit den lokalen Gemeinschaften zusammen.<\/p><\/div>\n\t\t\t\t\t\t<div class=\"tb-buttons-part\">\n\t\t\t\t\t\t\t\t<a href=\"https:\/\/travelbase.de\/nachhaltigkeit\/?_gl=1*1uuw2tp*_gcl_au*MTI5NzEzMDIwMy4xNzY5MDA5MDg4*_ga*MTE1OTE1OTc0MS4xNzY5MDA5MDg3*_ga_MNM1Z0RZ2L*czE3NjkwNzM3NzYkbzIkZzEkdDE3NjkwNzUzNzUkajUzJGwwJGgxMjc2ODk3NjU2\"  target=\"\" class=\"tb-buttonlink\">\n\t\t\tEntdecke all unsere Initiativen\t\t<\/a>\n\t\t\t\t\t\t\t<\/div>\n\t\t\t\t<\/div>\n\t\t\t<\/div>\n\t\t\t\t\t<div class=\"tb-card entry tb-fade-in tb-fade-in--subtle\">\n\t\t\t\t<div class=\"tb-image-part\">\n\t\t\t\t\t<img src='https:\/\/on.travelblox.eu\/wp-content\/uploads\/sites\/46\/2025\/08\/ON_OmanNomads4-768x768.jpg' width='768' height='768' loading='lazy' image_size='medium_large'>\t\t\t\t<\/div>\n\t\t\t\t<div class=\"tb-card-content text-part\">\n\t\t\t\t\t<h5>\t\t\t\t<i class=\"icon fa-solid fa-phone\" aria-hidden=\"true\"><\/i>\n\t\t\t Ein Team vor Ort, das 100% verf\u00fcgbar ist<\/h5>\n\t\t\t\t\t\t\t<div class=\"translation-block\"><p>Wir organisieren dir einen unvergesslichen und stressfreien Roadtrip. Unser Team vor Ort ist jederzeit f\u00fcr dich da, hilft dir weiter und gibt dir Tipps, damit dein Abenteuer reibungslos l\u00e4uft. Du reist also komplett unabh\u00e4ngig \u2013 mit Unterst\u00fctzung in greifbarer N\u00e4he, falls du sie brauchst.<\/p><\/div>\n\t\t\t\t\t\t<div class=\"tb-buttons-part\">\n\t\t\t\t\t\t\t\t\t\t\t<\/div>\n\t\t\t\t<\/div>\n\t\t\t<\/div>\n\t\t\t\t\t\t\t\t<\/div>\n\t\t\t\t\t\t<div class=\"tb-carousel-nav\">\n\t\t\t<div class=\"dots\">\n\t\t\t\t<div class=\"dot active\"><\/div>\n\t\t\t\t<div class=\"dot\"><\/div>\n\t\t\t\t<div class=\"dot\"><\/div>\n\t\t\t<\/div>\n\t\t\t<div class=\"arrows\">\n\t\t\t\t<div class=\"prev disabled\">\n\t\t\t\t\t<span><i class=\"fa fa-chevron-left\"><\/i><\/span>\n\t\t\t\t<\/div>\n\t\t\t\t<div class=\"next\">\n\t\t\t\t\t<span><i class=\"fa fa-chevron-right\"><\/i><\/span>\n\t\t\t\t<\/div>\n\t\t\t<\/div>\n\t\t<\/div>\n\t\t\t\t<\/div>\n\t\t<\/div>\n\t\t\t<\/div>","protected":false},"excerpt":{"rendered":"","protected":false},"author":27,"featured_media":1649,"parent":0,"menu_order":0,"comment_status":"closed","ping_status":"closed","template":"","meta":{"_acf_changed":false,"inline_featured_image":false,"footnotes":""},"class_list":["post-1648","page","type-page","status-publish","has-post-thumbnail","hentry"],"acf":{"page_package_ids":"","is_main_package_page":false,"additional_linked_packages":[],"feed_page_to_atlas":false},"_links":{"self":[{"href":"https:\/\/on.travelblox.eu\/de\/wp-json\/wp\/v2\/pages\/1648","targetHints":{"allow":["GET"]}}],"collection":[{"href":"https:\/\/on.travelblox.eu\/de\/wp-json\/wp\/v2\/pages"}],"about":[{"href":"https:\/\/on.travelblox.eu\/de\/wp-json\/wp\/v2\/types\/page"}],"author":[{"embeddable":true,"href":"https:\/\/on.travelblox.eu\/de\/wp-json\/wp\/v2\/users\/27"}],"replies":[{"embeddable":true,"href":"https:\/\/on.travelblox.eu\/de\/wp-json\/wp\/v2\/comments?post=1648"}],"version-history":[{"count":10,"href":"https:\/\/on.travelblox.eu\/de\/wp-json\/wp\/v2\/pages\/1648\/revisions"}],"predecessor-version":[{"id":2010,"href":"https:\/\/on.travelblox.eu\/de\/wp-json\/wp\/v2\/pages\/1648\/revisions\/2010"}],"wp:featuredmedia":[{"embeddable":true,"href":"https:\/\/on.travelblox.eu\/de\/wp-json\/wp\/v2\/media\/1649"}],"wp:attachment":[{"href":"https:\/\/on.travelblox.eu\/de\/wp-json\/wp\/v2\/media?parent=1648"}],"curies":[{"name":"wp","href":"https:\/\/api.w.org\/{rel}","templated":true}]}}